{"id":44,"date":"2015-10-30T21:22:00","date_gmt":"2015-10-30T20:22:00","guid":{"rendered":"http:\/\/meister-der-roll.de\/?page_id=44"},"modified":"2019-12-17T13:44:45","modified_gmt":"2019-12-17T12:44:45","slug":"ueber-den-blog","status":"publish","type":"page","link":"https:\/\/www.sushi-und-bratwurst.de\/?page_id=44","title":{"rendered":"\u00dcber uns"},"content":{"rendered":"\n<figure class=\"wp-block-image\"><img loading=\"lazy\" decoding=\"async\" width=\"1024\" height=\"576\" src=\"https:\/\/www.sushi-und-bratwurst.de\/wp-content\/uploads\/2019\/11\/nutzerbild_191122-1024x576.png\" alt=\"\" class=\"wp-image-1114\" srcset=\"https:\/\/www.sushi-und-bratwurst.de\/wp-content\/uploads\/2019\/11\/nutzerbild_191122-1024x576.png 1024w, https:\/\/www.sushi-und-bratwurst.de\/wp-content\/uploads\/2019\/11\/nutzerbild_191122-300x169.png 300w, https:\/\/www.sushi-und-bratwurst.de\/wp-content\/uploads\/2019\/11\/nutzerbild_191122-768x432.png 768w, https:\/\/www.sushi-und-bratwurst.de\/wp-content\/uploads\/2019\/11\/nutzerbild_191122.png 1920w\" sizes=\"auto, (max-width: 767px) 89vw, (max-width: 1000px) 54vw, (max-width: 1071px) 543px, 580px\" \/><\/figure>\n\n\n\n<p><strong>Lange war es still um unseren ehemaligen Blog &#8222;Meister der Roll&#8220;. Doch als Sushi und Bratwurst wagen wir einen Neustart.<br><\/strong><\/p>\n\n\n\n<p>Nat\u00fcrlich steht weiterhin der Kultur-Clash zwischen Deutschen und Japanern im Zentrum unseres Tuns. In Artikeln, Fotos und Filmen widmen wir uns dem Leben als Japaner in Deutschland und umgekehrt. Ganz neu ist unser Podcast, der nicht nur auf dem Blog, sondern auch auf Youtube, Apple Podcasts und Spotify vertreten ist. Davon erhoffen wir uns eine gr\u00f6\u00dfere Reichweite und rege Teilnahme von Euch H\u00f6rern und Lesern.<\/p>\n\n\n\n<p>Wenn auch Ihr ein Herz f\u00fcr Japan habt, am Blick \u00fcber den Tellerrand interessiert seid oder einfach Interesse an interkulturellen Themen habt, w\u00fcrden wir uns freuen von Euch zu h\u00f6ren.<\/p>\n\n\n\n<h4 class=\"wp-block-heading\">Links<\/h4>\n\n\n\n<p>Sushi und Bratwurst findet Ihr auch auf <a href=\"https:\/\/podcasts.apple.com\/de\/podcast\/sushi-bratwurst\/id1483087884\">Apple Podcasts<\/a>, <a href=\"https:\/\/open.spotify.com\/show\/279QUSJy5OuZdzO64raDzH\">Spotify<\/a>, <a href=\"https:\/\/www.youtube.com\/channel\/UCUgndrFqb_aBcUsRQDR79MA\">Youtube<\/a>, <a href=\"https:\/\/twitter.com\/UndSushi\">Twitter<\/a> und <a href=\"https:\/\/www.facebook.com\/Sushi-und-Bratwurst-112871896741868\/\">Facebook<\/a>.<\/p>\n","protected":false},"excerpt":{"rendered":"<p>Lange war es still um unseren ehemaligen Blog &#8222;Meister der Roll&#8220;. Doch als Sushi und Bratwurst wagen wir einen Neustart. Nat\u00fcrlich steht weiterhin der Kultur-Clash zwischen Deutschen und Japanern im Zentrum unseres Tuns. In Artikeln, Fotos und Filmen widmen wir uns dem Leben als Japaner in Deutschland und umgekehrt. Ganz neu ist unser Podcast, der &hellip; <\/p>\n<p class=\"link-more\"><a href=\"https:\/\/www.sushi-und-bratwurst.de\/?page_id=44\" class=\"more-link\"><span class=\"screen-reader-text\">\u201e\u00dcber uns\u201c<\/span> weiterlesen<\/a><\/p>\n","protected":false},"author":1,"featured_media":0,"parent":0,"menu_order":1,"comment_status":"closed","ping_status":"closed","template":"","meta":{"footnotes":""},"class_list":["post-44","page","type-page","status-publish","hentry"],"_links":{"self":[{"href":"https:\/\/www.sushi-und-bratwurst.de\/index.php?rest_route=\/wp\/v2\/pages\/44","targetHints":{"allow":["GET"]}}],"collection":[{"href":"https:\/\/www.sushi-und-bratwurst.de\/index.php?rest_route=\/wp\/v2\/pages"}],"about":[{"href":"https:\/\/www.sushi-und-bratwurst.de\/index.php?rest_route=\/wp\/v2\/types\/page"}],"author":[{"embeddable":true,"href":"https:\/\/www.sushi-und-bratwurst.de\/index.php?rest_route=\/wp\/v2\/users\/1"}],"replies":[{"embeddable":true,"href":"https:\/\/www.sushi-und-bratwurst.de\/index.php?rest_route=%2Fwp%2Fv2%2Fcomments&post=44"}],"version-history":[{"count":24,"href":"https:\/\/www.sushi-und-bratwurst.de\/index.php?rest_route=\/wp\/v2\/pages\/44\/revisions"}],"predecessor-version":[{"id":1241,"href":"https:\/\/www.sushi-und-bratwurst.de\/index.php?rest_route=\/wp\/v2\/pages\/44\/revisions\/1241"}],"wp:attachment":[{"href":"https:\/\/www.sushi-und-bratwurst.de\/index.php?rest_route=%2Fwp%2Fv2%2Fmedia&parent=44"}],"curies":[{"name":"wp","href":"https:\/\/api.w.org\/{rel}","templated":true}]}}